{"id":73,"date":"2025-02-03T11:12:27","date_gmt":"2025-02-03T14:12:27","guid":{"rendered":"https:\/\/www.eternospatrulheiros.org.br\/?page_id=73"},"modified":"2025-02-03T13:33:37","modified_gmt":"2025-02-03T16:33:37","slug":"ata-de-formacao","status":"publish","type":"page","link":"https:\/\/www.eternospatrulheiros.org.br\/index.php\/ata-de-formacao\/","title":{"rendered":"Ata de forma\u00e7\u00e3o"},"content":{"rendered":"\n<p><strong>ATA DO 1\u00ba ENCONTRO DE ETERNOS PATRULHEIROS PARA A FORMA\u00c7\u00c3O DA ASSOCIA\u00c7\u00c3O DE ETERNOS PATRULHEIROS DE CAMPINAS MARIA ANG\u00c9LICA BARRETO PYLES, REALIZADA NO DIA 30 DE JULHO DE 2016<\/strong>.<\/p>\n\n\n\n<p>Aos trinta dias do m\u00eas de julho do ano de dois mil e dezesseis (30\/07\/2016), as 9h, na sede do <em>Patrulheiros Campinas<\/em>, sito \u00e0 Av. Amoreiras, n. 906, Parque It\u00e1lia, em Campinas\/SP, reuniram-se os ex-patrulheiros mirins, quais sejam, Tagino Alves dos Santos, Marcelo das Neves Borges Andrade, Sebasti\u00e3o Rodrigues Vieira Filho, Jos\u00e9 Luiz Moreira Filho, Gleide Selma Gomes Alves Batista, Caroline Anizau Silva, Renata Miranda, F\u00e1bio Alves de Oliveira, Luzia Gomes Ferreira Pavani, Danilo Jos\u00e9 de Souza, Danielle Aparecida Torres Martins, Eraldo Ribeiro Roque, Adriana Cristina da Silva Arten, Dori Edson Silveira, Jos\u00e9 L\u00e9lio Ramos da Silva, Leandro &#8230;, Jos\u00e9 Amauri Barbosa de Souza, Fernando N. Ramos, Jo\u00e3o Vitor Duarte, Jos\u00e9 Leopoldino, Ezequiel Santos Lima, Lucas de Jesus Freitas, Ant\u00f4nio Nascimento Junior, Rosangela Rosa&#8230;, Ronaldo Antonio Candido da Silva, Beatriz Milena, Aline Santos da Costa, Reginaldo de Souza, Agnes Milena Soares Ara\u00fajo Silva, Joici Rozer da Silva&#8230;, Jacqueline Cristina R. Ferreira&#8230;, Danilo Jos\u00e9 de Souza, Ivaldo Alves dos Santos, Irandi Alves dos Santos, &#8230; Rodrigues Ferreira&#8230;, Claudio Roberto Silva, M\u00e1rcia Regina Ad\u00e3o Alberti, Benedita Oliveira da Silva&#8230;, S\u00e9rgio Luis dos Santos, Ronaldo Guilherme, Edy Marcos Franco de Oliveira, Edson Luiz Penteado, Anndiana Cristina Pereira Vilar, Jessica C. S. R. Da Silva&#8230;, Elsa Caroline Pereira, Willian Nogueira dos Santos, Lucas Henrique dos Santos, Maria Cristina Rodrigues, Igor Novais Ribeiro Santos, Vitor Hugo Silva da Costa, Mateus Dias Lima, Jo\u00e3o Pedro&#8230;, Davi Bernardo de Oliveira, Daniel Ferreira de Oliveira, Valdeir Nogueira D. da Silva&#8230;, Heraldo Cassange Ortiz, Jos\u00e9 Siqueira da Silva e Fabiano dos R. Faustino. A plen\u00e1ria escolheu os ex-patrulheiros Tagino Alves dos Santos e Ant\u00f4nio Nascimento Junior para respectivamente presidir e secretariar os trabalhos. O secret\u00e1rio dos trabalhos registrou a presen\u00e7a honrosa do atual Presidente da Diretoria Executiva do <em>Patrulheiros Campinas<\/em>, ou seja, o Centro de Aprendizagem e Mobiliza\u00e7\u00e3o pela Cidadania \u2013 CAMPC, o Professor Lisandro Pavie Cardoso; o Tenente aposentado da Pol\u00edcia Militar do Estado de S\u00e3o Paulo, do Corpo de Bombeiros, Ant\u00f4nio Carvalho de Azevedo (o nosso Cabo Azevedo, como \u00e9 cariosamente lembrado pelos mais antigos ex-patrulheiros) e a sua esposa, a Senhora Maria Izabel Leandro da Costa. O secret\u00e1rio registrou, ainda, a aus\u00eancia justificada da maior lideran\u00e7a dos Maria Ang\u00e9lica Barreto Pyles, as aus\u00eancias justificadas dos ex-patrulheiros, Sebasti\u00e3o Moreira Arcanjo, Flavio&#8230; (trabalha com a Maria Ang\u00e9lica).., \u00a0Wilson Aparecido dos Santos, irm\u00e3o do ex-patrulheiro Ismael Alves dos Santos, Isael Alves dos Santos, Jos\u00e9 Messias dos Santos, Isabel Rosa dos Santos,\u00a0 (verificar se o Isa e Messias estavam presentes). A jornalista e ex-patrulheira, M\u00e1rcia Regina Ad\u00e3o Alberti, foi escolhida para atuar como mestra de cerim\u00f4nia e deu in\u00edcio os trabalhos \u00e0s 9h:30 cumprimentando todos e todas as pessoas presentes, explicou que os ex-patrulheiros, acolhendo sugest\u00e3o do ex-patrulheiro, Ant\u00f4nio Nascimento Junior, formaram o <strong>Grupo Alinhamento<\/strong> no <em>WhatsApp<\/em> com a miss\u00e3o de organizar a forma\u00e7\u00e3o de uma Associa\u00e7\u00e3o de Ex-patrulheiros. Esclareceu, tamb\u00e9m, que o objetivo da reuni\u00e3o \u00e9 a forma\u00e7\u00e3o dessa entidade na cidade de Campinas para atuar na busca de acesso dos seus associados aos cursos de capacita\u00e7\u00e3o e forma\u00e7\u00e3o profissional, nos n\u00edveis t\u00e9cnicos e ensino superior, preferencialmente de forma gratuita, n\u00e3o excluindo a possibilidade da associa\u00e7\u00e3o vier a definir plenariamente a\u00e7\u00f5es em outros setores sociais de interesse dos seus associados na defesa dos direitos difusos e individuais homog\u00eaneos. Ela solicitou licen\u00e7a e aten\u00e7\u00e3o para a leitura da Carta intitulada de <strong>\u201cMensagem para os Eternos Patrulheiros\u201d<\/strong>, recebida de Maria Ang\u00e9lica Barreto Pyles, de cujo texto segue, abaixo, transcrito na \u00edntegra: <strong><em>\u201cAos meus inesquec\u00edveis Patrulheiros. Amanh\u00e3, s\u00e1bado, voarei para o Chile, em viagem de recreio, com minha fam\u00edlia. Sinto Muito, n\u00e3o estar presente, numa reuni\u00e3o t\u00e3o significativa. Nesse momento, abra\u00e7o a todos com um la\u00e7o bem apertado que enla\u00e7a e n\u00e3o se desenrola. Que momento comovente, reencontr\u00e1-los no Jubileu!!! Muitos com os cabelos embranquecidos, outros mais gordinhos mas todos muito felizes. Uma enorme emo\u00e7\u00e3o! Antes havia alguns encontros espor\u00e1dicos de ex-Patrulheiros. Ap\u00f3s o Jubileu tudo se reacendeu e j\u00e1 aconteceram reuni\u00f5es animadas, na ch\u00e1cara do Tagino e na resid\u00eancia do Tenente Azevedo. Voc\u00eas s\u00e3o de fato para mim, os eternos e inesquec\u00edveis Patrulheiros, que no meu dia a dia, como coordenadora Geral, compartilharam de tantas experi\u00eancias significantes. Enfim, voc\u00eas representam os frutos vi\u00e7osos de uma hist\u00f3ria aben\u00e7oada por Deus e que por certo, nunca ser\u00e1 apagada. Agora pretendem dar a sua contribui\u00e7\u00e3o na forma\u00e7\u00e3o de uma Associa\u00e7\u00e3o que j\u00e1 de in\u00edcio tem o apoio da Diretoria e em particular do nosso Presidente Lisandro que \u00e9 extremamente dedicado \u00e0 obra. Estou muito orgulhosa de todos voc\u00eas!!! A funda\u00e7\u00e3o dessa Associa\u00e7\u00e3o ter\u00e1 uma repercuss\u00e3o positiva e \u00fanica, n\u00e3o apenas nas entidades cong\u00eaneres, como na nossa comunidade. Eu costumo dizer sempre que quando lutamos por causas nas quais acreditamos, a vida adquire um sentido maior. Que os nossos esfor\u00e7os nesse momento, desafiem todas as impossibilidades. Como dizia Chaplin, as grandes coisas foram conquistadas do que parecia imposs\u00edvel. Maria Ang\u00e9lica Barreto Pyles. 29\/07\/2016.\u201d.<\/em><\/strong> Visivelmente emocionada e sob l\u00e1grimas descendo pelo rosto, depois da leitura da Carta Mensagem para os \u201cEternos Patrulheiros\u201d, a ex-patrulheira e mestra de cerim\u00f4nia, M\u00e1rcia Ad\u00e3o, convidou para a composi\u00e7\u00e3o da Mesa dos trabalhos o Professor Lisandro Pavie Cardoso, representando o <strong>CAMPC<\/strong>, e o ex-patrulheiro, Tagino Alves dos Santos, representando o <strong>Grupo Alinhamento<\/strong>. Com a simpatia que lhe \u00e9 peculiar, a mestra de cerim\u00f4nia passou a palavra ao professor Lisandro Cardoso, que fez um longo discurso hist\u00f3rico do Patrulheirismo Mirim na cidade de Campinas, desde o objetivo em raz\u00e3o do qual ele foi criado h\u00e1 cinquenta anos at\u00e9 a semelhan\u00e7a da disciplina aplicada no Patrulheiros Campinas e no Rotary Clube. Em seguida, fez uso da palavra o ex-patrulheiro, Tagino Alves dos Santos, que inicialmente convidou os membros do <strong>Grupo Alinhamento<\/strong>, quais sejam, Ant\u00f4nio Nascimento Junior, Jos\u00e9 Amauri Barbosa de Souza, Cl\u00e1udio Roberto da Silva, Reginaldo de Souza, Adriana Cristina S. Arten, Fabiano Faustino, S\u00e9rgio Luiz dos Santos, Luzia Pavani, Gleide Selma G. Alves Batista e M\u00e1rcia Regina Ad\u00e3o Alberti, para que se dirigissem e se posicionassem \u00e0 frente como se fizessem parte da Mesa dos Trabalhos por merecimento em raz\u00e3o das articula\u00e7\u00f5es de uni\u00e3o realizadas. Fato esse que ocorreu sob aplausos da plen\u00e1ria. Ele explicou aos presentes que aqueles ex-patrulheiros, juntamente com outros que n\u00e3o puderam vir \u00e0 essa reuni\u00e3o, reuniram-se in\u00fameras vezes, na maioria das ocasi\u00f5es em churrascos realizados depois do desfile do dia sete de setembro dos \u00faltimos seis anos, mas sempre pensaram em formar uma associa\u00e7\u00e3o para organizar reuni\u00f5es dos colegas e construir uma maneira de retribuir \u00e0 entidade e \u00e0 sociedade a disciplina que receberam durante a forma\u00e7\u00e3o de patrulheiro e o sucesso que obtiveram profissionalmente em fun\u00e7\u00e3o dos ensinamentos que obtiveram ao longo das atividades de menor aprendiz que cada um desenvolveu ao longo do tempo de Patrulheiro. O presidente do I Encontro registrou o agradecimento ao Centro de Aprendizagem e Mobiliza\u00e7\u00e3o pela Cidadania \u2013 CAMPC pela eficiente divulga\u00e7\u00e3o desse evento, atrav\u00e9s dos diversos meios de comunica\u00e7\u00e3o que possui, especialmente no site da entidade, o que foi fundamental para se constatar o grande n\u00famero de presen\u00e7a. Todos fizeram uso da palavra ressaltando os melhores momentos que viveram como patrulheiro e que estavam sentindo nesse momento \u00fanico de formar a associa\u00e7\u00e3o. Retornaram aos seus assentos e o ex-patrulheiro Tagino passou a fazer a apresenta\u00e7\u00e3o da Proposta de forma\u00e7\u00e3o da Associa\u00e7\u00e3o criada pelo Grupo Alinhamento para esse Encontro. Ao final, depois do debate, avalia\u00e7\u00e3o de altera\u00e7\u00e3o e adequa\u00e7\u00e3o do modelo apresentado, elaborou-se o Estatuto Social, que restou aprovado pelos ex-patrulheiros presentes, com destaque nas seguintes particularidades: <strong><em><u>Finalidade:<\/u><\/em><\/strong>&#8211; ficou decidido que a finalidade da associa\u00e7\u00e3o ser\u00e1 o apoio na constru\u00e7\u00e3o ou reconstru\u00e7\u00e3o de uma vida profissional melhor e mais digna aos seus associados, atrav\u00e9s da facilita\u00e7\u00e3o do acesso \u00e0 capacita\u00e7\u00e3o e forma\u00e7\u00e3o profissional e \u00e0 inclus\u00e3o social, sendo que para cumprimento dessa finalidade a associa\u00e7\u00e3o se organizar\u00e1 atrav\u00e9s de sua Diretoria Executiva eleita e Diretores de Departamentos nomeados, al\u00e9m do Conselho Fiscal, bem como eventuais grupos de trabalho, comiss\u00f5es ou conselhos \u00e9ticos que se fizerem necess\u00e1rios, que se reger\u00e3o nos termos do Regimento Interno, e estabelecer\u00e1 parceria ou conv\u00eanio com a Administra\u00e7\u00e3o Direta, Indireta, Autarquias e Empresas de Economia Mista, e \u00f3rg\u00e3os ou entidades p\u00fablicos ou privados. <strong><em><u>Associados:-<\/u><\/em><\/strong> ficou decidido que o quadro de associados ser\u00e1 composto por ex-patrulheiros, de qualquer \u00e9poca, nas seguintes categorias: <\/p>\n\n\n\n<p><strong>I \u2013 <\/strong>Associados Fundadores; <\/p>\n\n\n\n<p><strong>II \u2013 <\/strong>Associados Benem\u00e9ritos;<\/p>\n\n\n\n<p> <strong>III \u2013 <\/strong>Associados; e <\/p>\n\n\n\n<p><strong>IV<\/strong> \u2013 Associados Plenos, conforme disposi\u00e7\u00e3o estatut\u00e1ria, sendo que o parente por consanguinidade de primeiro e segundo graus, na qualidade de representante do ex-patrulheiro falecido, poder\u00e1 ser associado de qualquer natureza <em>in memoriam<\/em> do mesmo, bem como que todos os presentes nesse 1\u00ba Encontro fossem considerados Associados Fundadores. <strong><em><u>Direitos e Deveres dos Associados:<\/u><\/em><\/strong> ficou decidido que os associados, de todas as categorias, ter\u00e3o direitos e obriga\u00e7\u00f5es, bem como poder\u00e3o responder procedimentos disciplinares administrativos e sofrer penalidades previstos no Estatuto Social, no Regimento Interno e no C\u00f3digo de \u00c9tica. <strong><em><u>Diretoria Executiva:<\/u><\/em><\/strong> ficou decidido que a Diretoria Executiva ser\u00e1 composta de: <\/p>\n\n\n\n<p><strong>I.<\/strong>&#8211; Presidente; <\/p>\n\n\n\n<p><strong>II.<\/strong>&#8211; Primeiro(a) Vice-presidente; <\/p>\n\n\n\n<p><strong>III.<\/strong>&#8211; Segundo(a) Vice-presidente; <\/p>\n\n\n\n<p><strong>IV.<\/strong>&#8211; Primeiro(a) Secret\u00e1rio(a); <\/p>\n\n\n\n<p><strong>V.<\/strong>&#8211; Segundo(a) Secret\u00e1rio(a); <\/p>\n\n\n\n<p><strong>VI.<\/strong>&#8211; Primeiro(a) Tesoureiro(a); <\/p>\n\n\n\n<p><strong>VII.<\/strong>&#8211; Segundo(a) Tesoureiro(a); e <\/p>\n\n\n\n<p><strong>VIII.<\/strong>&#8211; Diretores(as) de Departamentos, sendo que os Diretores da Diretoria Executiva s\u00e3o cargos eletivos e os Diretores de Departamentos e seus membros s\u00e3o nomeados pelo presidente da Diretoria Executiva por Portaria, nos termos do Regimento Interno. <strong><em><u>Conselho Fiscal:<\/u><\/em><\/strong> ficou decidido que o Conselho Fiscal ser\u00e1 composto por 3 (tr\u00eas) Conselheiros Titulares e at\u00e9 3 (tr\u00eas) Conselheiros Suplentes. <strong><em><u>Mandato:<\/u><\/em><\/strong> ficou decido que o mandato de cada gest\u00e3o da Diretoria Executiva e do Conselho Fiscal ser\u00e1 de 2 (dois) anos. <strong><em><u>Mensalidade:<\/u><\/em><\/strong> ficou decido que o valor da contribui\u00e7\u00e3o dos associados fundadores, associados e associados plenos \u00e9 de R$ 10.00 (dez reais) mensais, podendo haver isen\u00e7\u00f5es e suspens\u00f5es tempor\u00e1rias da obrigatoriedade da contribui\u00e7\u00e3o a crit\u00e9rio do Departamento de Promo\u00e7\u00e3o Social da Associa\u00e7\u00e3o, sendo que a que as contribui\u00e7\u00f5es financeiras dos associados benem\u00e9ritos s\u00e3o volunt\u00e1rias. <strong><em><u>Denomina\u00e7\u00e3o:<\/u> <\/em><\/strong>ficou decidido, por unanimidade de votos e com fortes aplausos pela sugest\u00e3o, que a associa\u00e7\u00e3o adotaria a seguinte denomina\u00e7\u00e3o: <em>Associa\u00e7\u00e3o de Eternos Patrulheiros de Campinas Maria Ang\u00e9lica Barreto Pyles<\/em>, e a sigla <em>Eternos Patrulheiros<\/em>, correspondendo a um gesto carioso dos ex-patrulheiros em homenagem imensur\u00e1vel de gratid\u00e3o \u00e0 fundadora dos <em>Patrulheiros Mirins de Campinas<\/em> pela disciplina que obtiveram durante na institui\u00e7\u00e3o, desde que n\u00e3o houvesse oposi\u00e7\u00e3o ou desautoriza\u00e7\u00e3o da Dona Maria Ang\u00e9lica. <strong><em><u>Elei\u00e7\u00e3o da Diretoria Execu\u00e7\u00e3o e do Conselho Fiscal:<\/u><\/em><\/strong> Passou-se, efetivamente, \u00e0 elei\u00e7\u00e3o da Diretoria Executiva e do Conselho Fiscal, que foi conduzida pelo ex-patrulheiro, Cl\u00e1udio Roberto da Silva, que recebeu da plen\u00e1ria a indica\u00e7\u00e3o do nome de Tagino Alves dos Santos para ocupar o cargo de presidente da Associa\u00e7\u00e3o dos Eternos Patrulheiros, nesse primeiro mandato, o que foi aprovado por aclama\u00e7\u00e3o pelos presentes. Para os cargos de vice-presidentes, foram indicados, votados e eleitos os nomes de Luzia Gomes Ferreira Pavani, como 1\u00aa (primeira) vice-presidente, que obteve 10 (dez) votos e M\u00e1rcia Regina Ad\u00e3o Alberti, como 2\u00aa (segunda) vice-presidente, que obteve 06 (seis) votos. Foram indicados, votados e vencidos no processo eleitoral, Jos\u00e9 Amauri, Fabiano Faustino e Eraldo Ribeiro Roque. Foram indicados e eleitos por aclama\u00e7\u00e3o para os cargos de 1\u00ba (primeiro) e 2\u00ba (segundo) tesoureiros, respectivamente, Reginaldo de Souza e S\u00e9rgio Luis dos Santos. Foram indicadas e eleitas para o cargo de 1\u00aa (primeira) e 2\u00aa (segunda) secret\u00e1rias, Gleide Selma Gomes Alves Batista (17 votos) e Adriana Cristina da Silva Arten (09 votos). Foram indicados e eleitos por aclama\u00e7\u00e3o para os cargos do Conselho Fiscal, titulares: Isael Alves dos Santos, Ant\u00f4nio Nascimento J\u00fanior, Jos\u00e9 Siqueira da Silva e suplentes: Ronaldo Ant\u00f4nio C. Da Silva, Jos\u00e9 L\u00e9lio Ramos da Silva e Jos\u00e9 Luiz Moreira Filho. Em suma, a <strong><u>Diretoria Executiva<\/u><\/strong> ficou composta da seguinte forma: <\/p>\n\n\n\n<p><strong>Presidente: <\/strong>Tagino Alves dos Santos; <\/p>\n\n\n\n<p><strong>Primeira Vice-presidente:<\/strong> Luzia Gomes Ferreira Pavani, Segunda Vice-presidente: M\u00e1rcia Regina Ad\u00e3o Alberti, <\/p>\n\n\n\n<p><strong>Primeira Secret\u00e1ria:<\/strong> Gleide Selma Gomes Alves Batista, <\/p>\n\n\n\n<p><strong>Segunda Secret\u00e1ria:<\/strong> Adriana Cristina da Silva Arten; Primeiro Tesoureiro: Reginaldo de Souza, <\/p>\n\n\n\n<p><strong>Segundo Tesoureiro:<\/strong> S\u00e9rgio Luis dos Santos. <\/p>\n\n\n\n<p>O <strong><u>Conselho Fiscal<\/u><\/strong>, ficou composto da seguinte forma: <\/p>\n\n\n\n<p><strong>Titulares:<\/strong> Isael Alves dos Santos, Ant\u00f4nio Nascimento J\u00fanior, Jos\u00e9 Siqueira da Silva e <strong>Suplentes<\/strong>: Ronaldo Ant\u00f4nio C. Da Silva, Jos\u00e9 L\u00e9lio Ramos da Silva e Jos\u00e9 Luiz Moreira Filho.\u00a0 Foi apresentado aos presentes o Estatuto Social com as adequa\u00e7\u00f5es apresentadas e debatidas, que restou aprovado, por unanimidade. Passou-se, pois ao ato de posse da Diretoria Executiva, bem como do Conselho Fiscal, incluindo seus suplentes, fato que ocorreu sem problemas e todos os empossados concordaram com os compromissos estatut\u00e1rios, regimentais e \u00e9tico-disciplinares assumidos em fun\u00e7\u00e3o de seus respectivos cargos, a partir dessa oportunidade. <strong><em><u>Atos da Diretoria Executiva:<\/u><\/em><\/strong> Imediatamente ap\u00f3s a tomada de posse, a Diretoria Executiva se reuni\u00e3o para elaborar e debater o Regimento Interno da Associa\u00e7\u00e3o, que foi aprovado por unanimidade, de cujo texto ser\u00e1 levado a registro, destacando-se a cria\u00e7\u00e3o dos seguintes Departamentos Operacionais: I \u2013 Departamento Jur\u00eddico; II \u2013 Departamento de Projetos; III \u2013 Departamento de Comunica\u00e7\u00e3o e Marketing; IV \u2013 Departamento de Promo\u00e7\u00e3o Social; e V \u2013 Departamento de Esportes, de cujos Diretores de Departamento integrar\u00e3o a Diretoria Executiva, mesmo sendo cargo de nomea\u00e7\u00e3o, nos termos do artigo 13, inciso VIII, do Estatuto Social, previstos no artigo 4\u00ba do Regimento Interno. Em seguida, o presidente da Diretoria Executiva, Tagino Alves dos Santos, consultou a plen\u00e1ria sobre os cargos que cada um desejaria ocupar nos Departamentos da Associa\u00e7\u00e3o. Dai, com base no artigo 15, inciso IV, do Estatuto Social, com referenda da Diretoria Executiva, nomeou e deu posse aos Diretores, Vice-Diretores e membros dos Departamentos, que ficaram assim formados e com seus cargos ocupados: <strong><u>Departamento Jur\u00eddico<\/u><\/strong>: Diretor Eraldo Ribeiro Roque e Vice-Diretor Dori Edson Silveira; <strong><u>Departamento de Projetos<\/u><\/strong>: Diretor Cl\u00e1udio Roberto da Silva, Vice-Diretora Aline Santos da Costa e membro Ronaldo Ant\u00f4nio C. da Silva; <strong><u>Departamento de Comunica\u00e7\u00e3o e Marketing<\/u><\/strong>: Diretor Jos\u00e9 Amauri Barbosa de Souza, Vice-Diretora Aline Santos da Costa e membros Poliane Cristiane Rodrigues e Danielle Aparecida Torres Martins; <strong><u>Departamento de Promo\u00e7\u00e3o Social<\/u><\/strong>: Diretor Ant\u00f4nio Nascimento J\u00fanior, Vice-Diretor Ivaldo Alves dos Santos e membros Fabiano R. Faustino, Rosangela Cristina da Rosa, Adriana Cristina Silva Arten, Ronaldo Ant\u00f4nio C. Da Silva, Edmarcos Franco de Oliveira e Gleyde Selma Gomes Alves Batista; <strong><u>Departamento de Esporte<\/u><\/strong>: Diretor Valdeir Maziero Domingues da Silva, Vice-Diretor Jos\u00e9 Leopoldino, Jos\u00e9 Siqueira da Silva e Heraldo Ortiz Cassange.\u00a0 Finalmente, a minuta do C\u00f3digo de \u00c9tica foi apresentada pelo Diretor do Departamento Jur\u00eddico, Eraldo Ribeiro Roque, revisada pelo seu Vice-Diretor, Dori Edson Silveira, e colocado a aprecia\u00e7\u00e3o, debate e vota\u00e7\u00e3o. O C\u00f3digo de \u00c9tica foi aprovado, por unanimidade, pelos presentes com \u00eanfase no fato de que ele tenha de ser considerado como um princ\u00edpio basilar na apura\u00e7\u00e3o de faltas leves, graves ou grav\u00edssimas em procedimentos disciplinares instaurados da <em>Associa\u00e7\u00e3o de Eternos Patrulheiros de Campinas Maria Ang\u00e9lica Barreto Pyles<\/em>. N\u00e3o havendo mais nada a ser tratado, por volta das 12h, todos foram convidados para participarem do coquetel cedido e organizado pelo Centro de Aprendizagem e Mobiliza\u00e7\u00e3o pela Cidadania \u2013 CAMPC, na pessoa do Professor Lisandro Pavie Cardoso. Sem mais, o presidente da mesa declarou encerrada a sess\u00e3o, de cuja ata segue assinada por ele e por mim, que a redigi.<\/p>\n\n\n\n<p>TAGINO ALVES DOS SANTOS \u2013 presidente do I Encontro de Eternos Patrulheiros<\/p>\n\n\n\n<p>ANT\u00d4NIO NASCIMENTO JUNIOR \u2013 secret\u00e1rio do I Encontro de Eternos Patrulheiros<\/p>\n","protected":false},"excerpt":{"rendered":"<p>ATA DO 1\u00ba ENCONTRO DE ETERNOS PATRULHEIROS PARA A FORMA\u00c7\u00c3O DA ASSOCIA\u00c7\u00c3O DE ETERNOS PATRULHEIROS DE CAMPINAS MARIA ANG\u00c9LICA BARRETO PYLES, REALIZADA NO DIA 30 DE JULHO DE 2016. Aos trinta dias do m\u00eas de julho do ano de dois mil e dezesseis (30\/07\/2016), as 9h, na sede do Patrulheiros Campinas, sito \u00e0 Av. Amoreiras, &hellip; <\/p>\n<p class=\"link-more\"><a href=\"https:\/\/www.eternospatrulheiros.org.br\/index.php\/ata-de-formacao\/\" class=\"more-link\">Continue lendo<span class=\"screen-reader-text\"> &#8220;Ata de forma\u00e7\u00e3o&#8221;<\/span><\/a><\/p>\n","protected":false},"author":1,"featured_media":0,"parent":0,"menu_order":0,"comment_status":"closed","ping_status":"closed","template":"","meta":{"saved_in_kubio":false,"footnotes":""},"class_list":["post-73","page","type-page","status-publish","hentry"],"kubio_ai_page_context":{"short_desc":"","purpose":"general"},"_links":{"self":[{"href":"https:\/\/www.eternospatrulheiros.org.br\/index.php\/wp-json\/wp\/v2\/pages\/73","targetHints":{"allow":["GET"]}}],"collection":[{"href":"https:\/\/www.eternospatrulheiros.org.br\/index.php\/wp-json\/wp\/v2\/pages"}],"about":[{"href":"https:\/\/www.eternospatrulheiros.org.br\/index.php\/wp-json\/wp\/v2\/types\/page"}],"author":[{"embeddable":true,"href":"https:\/\/www.eternospatrulheiros.org.br\/index.php\/wp-json\/wp\/v2\/users\/1"}],"replies":[{"embeddable":true,"href":"https:\/\/www.eternospatrulheiros.org.br\/index.php\/wp-json\/wp\/v2\/comments?post=73"}],"version-history":[{"count":3,"href":"https:\/\/www.eternospatrulheiros.org.br\/index.php\/wp-json\/wp\/v2\/pages\/73\/revisions"}],"predecessor-version":[{"id":94,"href":"https:\/\/www.eternospatrulheiros.org.br\/index.php\/wp-json\/wp\/v2\/pages\/73\/revisions\/94"}],"wp:attachment":[{"href":"https:\/\/www.eternospatrulheiros.org.br\/index.php\/wp-json\/wp\/v2\/media?parent=73"}],"curies":[{"name":"wp","href":"https:\/\/api.w.org\/{rel}","templated":true}]}}