{"id":40,"date":"2025-01-09T14:43:08","date_gmt":"2025-01-09T17:43:08","guid":{"rendered":"https:\/\/www.eternospatrulheiros.org.br\/?page_id=40"},"modified":"2025-05-21T15:47:58","modified_gmt":"2025-05-21T18:47:58","slug":"contato","status":"publish","type":"page","link":"https:\/\/www.eternospatrulheiros.org.br\/index.php\/contato\/","title":{"rendered":"Contato"},"content":{"rendered":"\n<p>Estamos \u00e0 disposi\u00e7\u00e3o para tirar d\u00favidas, receber sugest\u00f5es ou iniciar parcerias. Entre em contato conosco atrav\u00e9s dos canais abaixo:<\/p>\n\n\n\n<p><strong>E-mail institucional:<\/strong> <a>eternos@eternospatrulheiros.org.br<\/a><\/p>\n\n\n\n<p><strong>Whatsapp:<\/strong> <a href=\"https:\/\/wa.me\/5519999896876\" target=\"_blank\" rel=\"noreferrer noopener\">(19) 99989-6876<\/a><\/p>\n\n\n\n<p><strong>Facebook:<\/strong> <a class=\"\" href=\"https:\/\/www.facebook.com\/associacaoeternospatrulheirosdecampinas\">Associa\u00e7\u00e3o Eternos Patrulheiros de Campinas<\/a><\/p>\n\n\n\n<p><strong>Instagram:<\/strong> <a class=\"\" href=\"https:\/\/www.instagram.com\/eternospatrulheiroscampinas\/\">@eternospatrulheiroscampinas<\/a><\/p>\n\n\n\n<p>Prencha o formul\u00e1rio para cadastro: <a href=\"https:\/\/forms.gle\/vtxHoU5h23YvkkUq8\">https:\/\/forms.gle\/ZEoYoNEd9jtW445A8<\/a><\/p>\n\n\n\n<p>Seus dados n\u00e3o ser\u00e3o repassados para terceitos, responderemos o mais breve poss\u00edvel!<\/p>\n","protected":false},"excerpt":{"rendered":"<p>Estamos \u00e0 disposi\u00e7\u00e3o para tirar d\u00favidas, receber sugest\u00f5es ou iniciar parcerias. Entre em contato conosco atrav\u00e9s dos canais abaixo: E-mail institucional: eternos@eternospatrulheiros.org.br Whatsapp: (19) 99989-6876 Facebook: Associa\u00e7\u00e3o Eternos Patrulheiros de Campinas Instagram: @eternospatrulheiroscampinas Prencha o formul\u00e1rio para cadastro: https:\/\/forms.gle\/ZEoYoNEd9jtW445A8 Seus dados n\u00e3o ser\u00e3o repassados para terceitos, responderemos o mais breve poss\u00edvel!<\/p>\n","protected":false},"author":1,"featured_media":0,"parent":0,"menu_order":0,"comment_status":"closed","ping_status":"closed","template":"","meta":{"saved_in_kubio":false,"footnotes":""},"class_list":["post-40","page","type-page","status-publish","hentry"],"kubio_ai_page_context":{"short_desc":"","purpose":"general"},"_links":{"self":[{"href":"https:\/\/www.eternospatrulheiros.org.br\/index.php\/wp-json\/wp\/v2\/pages\/40","targetHints":{"allow":["GET"]}}],"collection":[{"href":"https:\/\/www.eternospatrulheiros.org.br\/index.php\/wp-json\/wp\/v2\/pages"}],"about":[{"href":"https:\/\/www.eternospatrulheiros.org.br\/index.php\/wp-json\/wp\/v2\/types\/page"}],"author":[{"embeddable":true,"href":"https:\/\/www.eternospatrulheiros.org.br\/index.php\/wp-json\/wp\/v2\/users\/1"}],"replies":[{"embeddable":true,"href":"https:\/\/www.eternospatrulheiros.org.br\/index.php\/wp-json\/wp\/v2\/comments?post=40"}],"version-history":[{"count":7,"href":"https:\/\/www.eternospatrulheiros.org.br\/index.php\/wp-json\/wp\/v2\/pages\/40\/revisions"}],"predecessor-version":[{"id":158,"href":"https:\/\/www.eternospatrulheiros.org.br\/index.php\/wp-json\/wp\/v2\/pages\/40\/revisions\/158"}],"wp:attachment":[{"href":"https:\/\/www.eternospatrulheiros.org.br\/index.php\/wp-json\/wp\/v2\/media?parent=40"}],"curies":[{"name":"wp","href":"https:\/\/api.w.org\/{rel}","templated":true}]}}