{"id":35,"date":"2025-01-09T14:43:23","date_gmt":"2025-01-09T17:43:23","guid":{"rendered":"https:\/\/www.eternospatrulheiros.org.br\/?page_id=35"},"modified":"2025-02-20T21:36:11","modified_gmt":"2025-02-21T00:36:11","slug":"diretoria","status":"publish","type":"page","link":"https:\/\/www.eternospatrulheiros.org.br\/index.php\/diretoria\/","title":{"rendered":"Diretoria"},"content":{"rendered":"\n<p class=\"has-normal-font-size\"><strong>Diretoria Executiva<br><\/strong>Presidente: Ant\u00f4nio Nascimento Junior<br>Primeira Vice-presidente: Gleide Selma Gomes Alves<br>Segundo Vice-presidente: Jos\u00e9 Leopoldino<br>Primeira Secret\u00e1ria: Cl\u00e1udia Maria Neves Camargo Soares<br>Segunda Secret\u00e1ria: Rosalva Aparecida Camargo Coelho<br>Primeiro Tesoureiro: S\u00e9rgio Luis dos Santos<br>Segundo Tesoureiro: Jos\u00e9 Ant\u00f4nio Ruas<\/p>\n\n\n\n<p class=\"has-normal-font-size\"><strong>Conselho Fiscal<br><\/strong>Titulares:<br>Jos\u00e9 Grimaldo Coelho<br>Fabiano dos Reis Faustino<br>Wilson Aparecido dos Santos<\/p>\n\n\n\n<p class=\"has-normal-font-size\"><strong>Suplentes<\/strong>:<br>M\u00e1rcia Regina da Silva Roma<br>Maria Cristina Rodrigues<br>Cl\u00e1udio Ant\u00f4nio de Lima<\/p>\n\n\n\n<p>Atos da Diretoria Executiva: Nomea\u00e7\u00e3o dos Membros dos Departamentos Operacionais.<\/p>\n\n\n\n<p class=\"has-normal-font-size\"><strong>Departamento Jur\u00eddico:<br><\/strong>Diretor: Dr. Tagino Alves dos Santos<br>Vice-Diretora: Dra. Francisca Rom\u00e9ria da Silva<br>Membro: Dr. Dori Edson Silveira<\/p>\n\n\n\n<p class=\"has-normal-font-size\"><strong>Departamento de Projetos:<br><\/strong>Diretor: Valdeir Maziero<br>Vice-Diretor: Irandir Alves dos Santos<br>Membro: Claudio da Silva Lima<\/p>\n\n\n\n<p class=\"has-normal-font-size\"><strong>Departamento de Comunica\u00e7\u00e3o e Marketing:<br><\/strong>Diretor: Alex Calixto de Matos<br>Vice-Diretor: Edis Jo\u00e3o da Cruz<br>Membros :Marcia Regina da Silva Roma<\/p>\n\n\n\n<p class=\"has-normal-font-size\"><strong>Departamento de Promo\u00e7\u00e3o Social:<br><\/strong>Diretor:Clodoaldo Alves<br>Vice-Diretora :Eliene Ramos Cardoso<br>Membros: Ivaldo Alves dos Santos ,Adriana Cristina da Silva Arten e Gabriel Augusto da Silva Leopoldino<\/p>\n\n\n\n<p class=\"has-normal-font-size\"><strong>Departamento de Assuntos Institucionais:<br><\/strong>Diretor: Jos\u00e9 Leopoldino<br>Vice Diretora : Maria Cristina Rodrigues<\/p>\n\n\n\n<p class=\"has-normal-font-size\"><strong>Comiss\u00e3o de Eventos e Esportes:<br><\/strong>Coordenador: Jos\u00e9 Grimaldo Coelho<br>Vice- coordenadora: Cl\u00e1udia Maria Neves Camargo Soares<br>Membros: Cristina Jane e Gleide Selma Alves<\/p>\n\n\n\n<p>Campinas\/SP, 20 de Julho de 2024.<\/p>\n","protected":false},"excerpt":{"rendered":"<p>Diretoria ExecutivaPresidente: Ant\u00f4nio Nascimento JuniorPrimeira Vice-presidente: Gleide Selma Gomes AlvesSegundo Vice-presidente: Jos\u00e9 LeopoldinoPrimeira Secret\u00e1ria: Cl\u00e1udia Maria Neves Camargo SoaresSegunda Secret\u00e1ria: Rosalva Aparecida Camargo CoelhoPrimeiro Tesoureiro: S\u00e9rgio Luis dos SantosSegundo Tesoureiro: Jos\u00e9 Ant\u00f4nio Ruas Conselho FiscalTitulares:Jos\u00e9 Grimaldo CoelhoFabiano dos Reis FaustinoWilson Aparecido dos Santos Suplentes:M\u00e1rcia Regina da Silva RomaMaria Cristina RodriguesCl\u00e1udio Ant\u00f4nio de Lima Atos da &hellip; <\/p>\n<p class=\"link-more\"><a href=\"https:\/\/www.eternospatrulheiros.org.br\/index.php\/diretoria\/\" class=\"more-link\">Continue lendo<span class=\"screen-reader-text\"> &#8220;Diretoria&#8221;<\/span><\/a><\/p>\n","protected":false},"author":1,"featured_media":0,"parent":0,"menu_order":0,"comment_status":"closed","ping_status":"closed","template":"","meta":{"saved_in_kubio":false,"footnotes":""},"class_list":["post-35","page","type-page","status-publish","hentry"],"kubio_ai_page_context":{"short_desc":"","purpose":"general"},"_links":{"self":[{"href":"https:\/\/www.eternospatrulheiros.org.br\/index.php\/wp-json\/wp\/v2\/pages\/35","targetHints":{"allow":["GET"]}}],"collection":[{"href":"https:\/\/www.eternospatrulheiros.org.br\/index.php\/wp-json\/wp\/v2\/pages"}],"about":[{"href":"https:\/\/www.eternospatrulheiros.org.br\/index.php\/wp-json\/wp\/v2\/types\/page"}],"author":[{"embeddable":true,"href":"https:\/\/www.eternospatrulheiros.org.br\/index.php\/wp-json\/wp\/v2\/users\/1"}],"replies":[{"embeddable":true,"href":"https:\/\/www.eternospatrulheiros.org.br\/index.php\/wp-json\/wp\/v2\/comments?post=35"}],"version-history":[{"count":3,"href":"https:\/\/www.eternospatrulheiros.org.br\/index.php\/wp-json\/wp\/v2\/pages\/35\/revisions"}],"predecessor-version":[{"id":99,"href":"https:\/\/www.eternospatrulheiros.org.br\/index.php\/wp-json\/wp\/v2\/pages\/35\/revisions\/99"}],"wp:attachment":[{"href":"https:\/\/www.eternospatrulheiros.org.br\/index.php\/wp-json\/wp\/v2\/media?parent=35"}],"curies":[{"name":"wp","href":"https:\/\/api.w.org\/{rel}","templated":true}]}}