{"id":159,"date":"2025-05-21T15:50:26","date_gmt":"2025-05-21T18:50:26","guid":{"rendered":"https:\/\/www.eternospatrulheiros.org.br\/?page_id=159"},"modified":"2025-05-21T15:51:21","modified_gmt":"2025-05-21T18:51:21","slug":"cadastro","status":"publish","type":"page","link":"https:\/\/www.eternospatrulheiros.org.br\/index.php\/cadastro\/","title":{"rendered":"Cadastro"},"content":{"rendered":"\n<p>Se voc\u00ea foi patrulheiro ou \u00e9 familiar de um ex-patrulheiro (in memoriam) e deseja manter viva essa hist\u00f3ria de cidadania, amizade e compromisso social, venha fazer parte da <strong>Associa\u00e7\u00e3o de Eternos Patrulheiros de Campinas Maria Ang\u00e9lica Barreto Pyles<\/strong>. Clique no link abaixo para se cadastrar como associado e integrar esse grupo que valoriza o passado e constr\u00f3i o futuro com uni\u00e3o e voluntariado:<\/p>\n\n\n\n<p>\ud83d\udc49 <a href=\"https:\/\/forms.gle\/ZEoYoNEd9jtW445A8\" target=\"_blank\" rel=\"noreferrer noopener\">https:\/\/forms.gle\/ZEoYoNEd9jtW445A8<\/a><\/p>\n\n\n\n<p>Seus dados s\u00e3o protegidos e n\u00e3o ser\u00e3o repassados para terceiros ou listas de marketing.<\/p>\n","protected":false},"excerpt":{"rendered":"<p>Se voc\u00ea foi patrulheiro ou \u00e9 familiar de um ex-patrulheiro (in memoriam) e deseja manter viva essa hist\u00f3ria de cidadania, amizade e compromisso social, venha fazer parte da Associa\u00e7\u00e3o de Eternos Patrulheiros de Campinas Maria Ang\u00e9lica Barreto Pyles. Clique no link abaixo para se cadastrar como associado e integrar esse grupo que valoriza o passado &hellip; <\/p>\n<p class=\"link-more\"><a href=\"https:\/\/www.eternospatrulheiros.org.br\/index.php\/cadastro\/\" class=\"more-link\">Continue lendo<span class=\"screen-reader-text\"> &#8220;Cadastro&#8221;<\/span><\/a><\/p>\n","protected":false},"author":1,"featured_media":0,"parent":0,"menu_order":0,"comment_status":"closed","ping_status":"closed","template":"","meta":{"saved_in_kubio":false,"footnotes":""},"class_list":["post-159","page","type-page","status-publish","hentry"],"kubio_ai_page_context":{"short_desc":"","purpose":"general"},"_links":{"self":[{"href":"https:\/\/www.eternospatrulheiros.org.br\/index.php\/wp-json\/wp\/v2\/pages\/159","targetHints":{"allow":["GET"]}}],"collection":[{"href":"https:\/\/www.eternospatrulheiros.org.br\/index.php\/wp-json\/wp\/v2\/pages"}],"about":[{"href":"https:\/\/www.eternospatrulheiros.org.br\/index.php\/wp-json\/wp\/v2\/types\/page"}],"author":[{"embeddable":true,"href":"https:\/\/www.eternospatrulheiros.org.br\/index.php\/wp-json\/wp\/v2\/users\/1"}],"replies":[{"embeddable":true,"href":"https:\/\/www.eternospatrulheiros.org.br\/index.php\/wp-json\/wp\/v2\/comments?post=159"}],"version-history":[{"count":2,"href":"https:\/\/www.eternospatrulheiros.org.br\/index.php\/wp-json\/wp\/v2\/pages\/159\/revisions"}],"predecessor-version":[{"id":161,"href":"https:\/\/www.eternospatrulheiros.org.br\/index.php\/wp-json\/wp\/v2\/pages\/159\/revisions\/161"}],"wp:attachment":[{"href":"https:\/\/www.eternospatrulheiros.org.br\/index.php\/wp-json\/wp\/v2\/media?parent=159"}],"curies":[{"name":"wp","href":"https:\/\/api.w.org\/{rel}","templated":true}]}}