{"id":13,"date":"2025-01-09T09:30:51","date_gmt":"2025-01-09T12:30:51","guid":{"rendered":"https:\/\/www.eternospatrulheiros.org.br\/?page_id=13"},"modified":"2025-05-20T09:59:19","modified_gmt":"2025-05-20T12:59:19","slug":"missao","status":"publish","type":"page","link":"https:\/\/www.eternospatrulheiros.org.br\/index.php\/missao\/","title":{"rendered":"Miss\u00e3o"},"content":{"rendered":"\n<p>A Associa\u00e7\u00e3o de Eternos Patrulheiros de Campinas tem como miss\u00e3o promover a uni\u00e3o, a valoriza\u00e7\u00e3o e o fortalecimento dos la\u00e7os entre todos aqueles que, em diferentes \u00e9pocas, integraram o movimento dos Patrulheiros. Inspirada na mem\u00f3ria e nos valores da patronesse <strong>Maria Ang\u00e9lica Barreto Pyles<\/strong>, a entidade busca preservar a hist\u00f3ria e os princ\u00edpios que nortearam a atua\u00e7\u00e3o dos patrulheiros, incentivando o esp\u00edrito de solidariedade, voluntariado, responsabilidade social e compromisso com a cidadania.<\/p>\n\n\n\n<p>Comprometida com os ideais de inclus\u00e3o, \u00e9tica e respeito, a Associa\u00e7\u00e3o atua por meio de uma estrutura democr\u00e1tica, participativa e sem fins lucrativos. Suas atividades s\u00e3o desenvolvidas por meio do trabalho volunt\u00e1rio dos associados, organizados em departamentos tem\u00e1ticos como o Jur\u00eddico, Projetos, Promo\u00e7\u00e3o Social e Esportes \u2014 sempre respeitando as experi\u00eancias individuais e promovendo o engajamento coletivo.<\/p>\n\n\n\n<p>A entidade tamb\u00e9m se prop\u00f5e a manter viva a mem\u00f3ria dos que j\u00e1 partiram, acolhendo seus familiares como representantes, preservando os v\u00ednculos afetivos e a hist\u00f3ria comum. Por meio de encontros, projetos e a\u00e7\u00f5es sociais, a Associa\u00e7\u00e3o visa contribuir ativamente com a comunidade, apoiando causas que reflitam os valores patrulheiros e incentivando o protagonismo de seus membros em diversas \u00e1reas da sociedade.<\/p>\n\n\n\n<p>Acima de tudo, a miss\u00e3o da Associa\u00e7\u00e3o \u00e9 servir como um espa\u00e7o de reencontro, continuidade e transforma\u00e7\u00e3o \u2014 onde o passado inspira o presente e constr\u00f3i, com prop\u00f3sito e uni\u00e3o, um futuro mais justo e solid\u00e1rio.<\/p>\n","protected":false},"excerpt":{"rendered":"<p>A Associa\u00e7\u00e3o de Eternos Patrulheiros de Campinas tem como miss\u00e3o promover a uni\u00e3o, a valoriza\u00e7\u00e3o e o fortalecimento dos la\u00e7os entre todos aqueles que, em diferentes \u00e9pocas, integraram o movimento dos Patrulheiros. Inspirada na mem\u00f3ria e nos valores da patronesse Maria Ang\u00e9lica Barreto Pyles, a entidade busca preservar a hist\u00f3ria e os princ\u00edpios que nortearam &hellip; <\/p>\n<p class=\"link-more\"><a href=\"https:\/\/www.eternospatrulheiros.org.br\/index.php\/missao\/\" class=\"more-link\">Continue lendo<span class=\"screen-reader-text\"> &#8220;Miss\u00e3o&#8221;<\/span><\/a><\/p>\n","protected":false},"author":1,"featured_media":0,"parent":0,"menu_order":0,"comment_status":"closed","ping_status":"closed","template":"","meta":{"saved_in_kubio":false,"footnotes":""},"class_list":["post-13","page","type-page","status-publish","hentry"],"kubio_ai_page_context":{"short_desc":"","purpose":"general"},"_links":{"self":[{"href":"https:\/\/www.eternospatrulheiros.org.br\/index.php\/wp-json\/wp\/v2\/pages\/13","targetHints":{"allow":["GET"]}}],"collection":[{"href":"https:\/\/www.eternospatrulheiros.org.br\/index.php\/wp-json\/wp\/v2\/pages"}],"about":[{"href":"https:\/\/www.eternospatrulheiros.org.br\/index.php\/wp-json\/wp\/v2\/types\/page"}],"author":[{"embeddable":true,"href":"https:\/\/www.eternospatrulheiros.org.br\/index.php\/wp-json\/wp\/v2\/users\/1"}],"replies":[{"embeddable":true,"href":"https:\/\/www.eternospatrulheiros.org.br\/index.php\/wp-json\/wp\/v2\/comments?post=13"}],"version-history":[{"count":2,"href":"https:\/\/www.eternospatrulheiros.org.br\/index.php\/wp-json\/wp\/v2\/pages\/13\/revisions"}],"predecessor-version":[{"id":144,"href":"https:\/\/www.eternospatrulheiros.org.br\/index.php\/wp-json\/wp\/v2\/pages\/13\/revisions\/144"}],"wp:attachment":[{"href":"https:\/\/www.eternospatrulheiros.org.br\/index.php\/wp-json\/wp\/v2\/media?parent=13"}],"curies":[{"name":"wp","href":"https:\/\/api.w.org\/{rel}","templated":true}]}}